{"id":160,"date":"2021-08-09T10:05:22","date_gmt":"2021-08-09T08:05:22","guid":{"rendered":"https:\/\/tike.pro\/ws\/?page_id=160"},"modified":"2021-08-10T18:30:47","modified_gmt":"2021-08-10T16:30:47","slug":"privacy-policy","status":"publish","type":"page","link":"https:\/\/tike.pro\/ws\/privacy-policy\/","title":{"rendered":"Privacy Policy"},"content":{"rendered":"<p>[et_pb_section fb_built=&#8221;1&#8243; custom_padding_last_edited=&#8221;on|desktop&#8221; next_background_color=&#8221;#ffffff&#8221; admin_label=&#8221;Header&#8221; _builder_version=&#8221;4.9.10&#8243; use_background_color_gradient=&#8221;on&#8221; background_color_gradient_start=&#8221;#0c71c3&#8243; background_color_gradient_end=&#8221;#0735bf&#8221; background_color_gradient_direction=&#8221;130deg&#8221; background_image=&#8221;https:\/\/tike.pro\/ws\/wp-content\/uploads\/2021\/08\/marketing-bg8.png&#8221; parallax=&#8221;on&#8221; custom_padding=&#8221;7vw||6vw||false|false&#8221; custom_padding_tablet=&#8221;100px||100px||true&#8221; custom_padding_phone=&#8221;||||true&#8221; bottom_divider_style=&#8221;ramp2&#8243; bottom_divider_height=&#8221;250px&#8221; bottom_divider_flip=&#8221;horizontal&#8221; bottom_divider_height_tablet=&#8221;150px&#8221; bottom_divider_height_phone=&#8221;110px&#8221; bottom_divider_height_last_edited=&#8221;on|phone&#8221; hover_enabled=&#8221;0&#8243; saved_tabs=&#8221;all&#8221; sticky_enabled=&#8221;0&#8243; locked=&#8221;off&#8221;][et_pb_row _builder_version=&#8221;3.25&#8243;][et_pb_column type=&#8221;4_4&#8243; _builder_version=&#8221;3.25&#8243; custom_padding=&#8221;|||&#8221; custom_padding__hover=&#8221;|||&#8221;][et_pb_text _builder_version=&#8221;4.9.10&#8243; text_font=&#8221;Roboto||||||||&#8221; text_font_size=&#8221;16px&#8221; text_line_height=&#8221;1.8em&#8221; header_font=&#8221;Roboto|700|||||||&#8221; header_text_align=&#8221;center&#8221; header_font_size=&#8221;80px&#8221; header_line_height=&#8221;1.2em&#8221; header_3_font=&#8221;Roboto|700||on|||||&#8221; header_3_text_align=&#8221;center&#8221; header_3_text_color=&#8221;#ffffff&#8221; header_3_font_size=&#8221;18px&#8221; header_3_line_height=&#8221;2em&#8221; text_orientation=&#8221;center&#8221; background_layout=&#8221;dark&#8221; module_alignment=&#8221;center&#8221; hover_enabled=&#8221;0&#8243; text_font_size_last_edited=&#8221;off|desktop&#8221; header_font_size_tablet=&#8221;40px&#8221; header_font_size_phone=&#8221;32px&#8221; header_font_size_last_edited=&#8221;on|phone&#8221; header_3_font_size_tablet=&#8221;16px&#8221; header_3_font_size_phone=&#8221;14px&#8221; header_3_font_size_last_edited=&#8221;on|phone&#8221; header_3_letter_spacing_tablet=&#8221;5px&#8221; header_3_letter_spacing_phone=&#8221;&#8221; header_3_letter_spacing_last_edited=&#8221;on|tablet&#8221; sticky_enabled=&#8221;0&#8243;]<\/p>\n<h3>Privacy policy<\/h3>\n<h2>GDPR Regulations<\/h2>\n<p>[\/et_pb_text][et_pb_text _builder_version=&#8221;4.9.10&#8243; text_font=&#8221;||||||||&#8221; text_font_size=&#8221;20px&#8221; text_line_height=&#8221;2em&#8221; ul_font=&#8221;||||||||&#8221; header_font=&#8221;Roboto|700|||||||&#8221; header_text_align=&#8221;center&#8221; header_font_size=&#8221;80px&#8221; header_line_height=&#8221;1.2em&#8221; header_3_font=&#8221;Roboto|700||on|||||&#8221; header_3_text_align=&#8221;center&#8221; header_3_text_color=&#8221;#ffffff&#8221; header_3_font_size=&#8221;24px&#8221; header_3_letter_spacing=&#8221;10px&#8221; header_3_line_height=&#8221;2em&#8221; text_orientation=&#8221;center&#8221; background_layout=&#8221;dark&#8221; max_width=&#8221;800px&#8221; module_alignment=&#8221;center&#8221; text_font_size_last_edited=&#8221;off|desktop&#8221; header_font_size_tablet=&#8221;40px&#8221; header_font_size_phone=&#8221;32px&#8221; header_font_size_last_edited=&#8221;on|phone&#8221; header_3_font_size_tablet=&#8221;16px&#8221; header_3_font_size_phone=&#8221;14px&#8221; header_3_font_size_last_edited=&#8221;on|phone&#8221; header_3_letter_spacing_tablet=&#8221;5px&#8221; header_3_letter_spacing_phone=&#8221;&#8221; header_3_letter_spacing_last_edited=&#8221;on|tablet&#8221;][\/et_pb_text][\/et_pb_column][\/et_pb_row][\/et_pb_section][et_pb_section fb_built=&#8221;1&#8243; admin_label=&#8221;Contact&#8221; _builder_version=&#8221;3.22&#8243; custom_padding=&#8221;51px||51px||true|false&#8221; saved_tabs=&#8221;all&#8221;][et_pb_row _builder_version=&#8221;4.9.10&#8243; _module_preset=&#8221;default&#8221; min_height=&#8221;2805px&#8221;][et_pb_column type=&#8221;4_4&#8243; _builder_version=&#8221;4.9.10&#8243; _module_preset=&#8221;default&#8221;][et_pb_text _builder_version=&#8221;4.9.10&#8243; _module_preset=&#8221;default&#8221;]<\/p>\n<h3>INFORMATIVA SUL TRATTAMENTO DEI DATI PERSONALI<\/h3>\n<p>(Art. 13 del d.lgs. 196\/2003 \u2013 Codice della privacy \u2013 Art. 13 del Regolamento Generale UE sulla protezione dei dati personali n. 679\/2016)<\/p>\n<p>TI:KE \u00e8 un marchio CREATIVE COWO s.c., con sede in Via De Amicis 39, 28887 Omegna (VB) Italy P.IVA 02530570031<br \/>Titolare del trattamento dei dati personali ai sensi degli articoli 4 e 28 del decreto legislativo 30 Giugno 2003, n. 196 \u2013 Codice della privacy e degli articoli 4, n. 7) e 24 del Regolamento UE 2016\/679 del 27 aprile 2016 relativo alla protezione delle persone fisiche con riguardo al trattamento dei dati personali informa ai sensi dell\u2019art. 13 del Codice e 13 del Regolamento che proceder\u00e0 al trattamento dei dati personali riferiti alla Societ\u00e0 ed alle persone fisiche che ne hanno la rappresentanza legale per le finalit\u00e0 e con le modalit\u00e0 pi\u00f9 oltre indicate.<\/p>\n<p>La politica sulla privacy spiega come utilizziamo le informazioni personali che raccogliamo su di te quando usi questo sito web e altri nostri servizi. Di seguito una breve informativa che riassume cosa si intende per dati personali e dati sensibili<\/p>\n<h4><strong>Che cosa sono i dati personali?<\/strong><\/h4>\n<p>I dati personali si riferiscono a qualsiasi informazione relativa a una persona fisica, che possa renderla identificabile e che pu\u00f2 includere (ma non \u00e8 limitata a):<\/p>\n<ul>\n<li>Nomi e informazioni di contatto, ad esempio e-mail e numeri di telefono<\/li>\n<li>Numeri assicurativi nazionali<\/li>\n<li>Storia lavorativa<\/li>\n<li>Numero di dipendenti<\/li>\n<li>Posizione creditizia<\/li>\n<li>Tassazione<\/li>\n<li>Dati contabili<\/li>\n<\/ul>\n<h4><strong>Quali sono i dati personali sensibili?<\/strong><\/h4>\n<p>I dati personali sensibili possono riferirsi a quanto elencato sopra ma includono anche dati genetici e dati biometrici.\u00a0Per esempio:<\/p>\n<ul>\n<li>Condizioni mediche<\/li>\n<li>Credenze religiose o filosofiche e opinioni politiche<\/li>\n<li>Origine razziale o etnica<\/li>\n<li>Convinzioni<\/li>\n<li>Dati biometrici (ad es. Foto in un passaporto elettronico)<\/li>\n<\/ul>\n<h4><strong>Cos\u2019\u00e8 il DPO?<\/strong><\/h4>\n<p>Ai fini della rispondenza alla normativa GDPR, il \u201cresponsabile del trattamento\u201d indica la persona o l\u2019organizzazione che decide le finalit\u00e0 per le quali e il modo in cui i dati personali vengono trattati.<br \/>CREATIVE COWO s.c. in base alla vigente normativa, non \u00e8 tenuta a nominare un DPO.<\/p>\n<h4><strong>Cos\u2019\u00e8 l\u2019elaborazione dei dati?<\/strong><\/h4>\n<p>L\u2019elaborazione dei dati \u00e8 qualsiasi operazione o insieme di operazioni eseguite su dati personali, o set di esso, sia da sistemi automatizzati o meno.<br \/>Esempi di elaborazione dei dati esplicitamente elencati nel testo del GDPR sono: raccolta, registrazione, organizzazione, strutturazione, archiviazione, adattamento, modifica, recupero, consultazione, uso, divulgazione per trasmissione, diffusione o messa a disposizione, allineamento o combinazione, limitazione, cancellazione o distruzione.<\/p>\n<h4><strong>Quali informazioni raccogliamo su di te e come?<\/strong><\/h4>\n<p>Il titolare del trattamento dei dati, \u00e8 vincolato ai requisiti delle norme generali sulla protezione dei dati (GDPR).<br \/>Nel momento in cui decidi di utilizzare i nostri servizi, accetti che abbiamo il diritto di ottenere, utilizzare ed elaborare le informazioni che ci fornisci per permetterci di fornirti la migliore esperienza d\u2019uso possibile e per altri scopi correlati, tra cui;<\/p>\n<ul>\n<li>Aggiornamento e miglioramento dei record dei clienti<\/li>\n<li>Analisi a fini gestionali<\/li>\n<li>Analisi ai fini statistici<\/li>\n<li>Conformit\u00e0 legale e normativa<\/li>\n<li>Prevenzione del crimine.<\/li>\n<\/ul>\n<p>Raccogliamo informazioni su di te quando compili uno dei moduli sul nostro sito web, ad esempio inviando una richiesta, registrandoti, compilando un sondaggio, dando un feedback ecc. Le informazioni sull\u2019utilizzo del sito web vengono raccolte utilizzando i cookie (<a href=\"https:\/\/creativecowo.com\/it\/cookies_policy.php\">Consulta la pagina sulla politica dei cookie<\/a>).<\/p>\n<h4><strong>Come useremo le informazioni su di te e perch\u00e9?<\/strong><\/h4>\n<p>Noi di CREATIVE COWO s.c. prendiamo sul serio la tua privacy e utilizzeremo le tue informazioni personali solo per fornire i servizi che ci hai richiesto. Utilizzeremo queste informazioni solo in base alle tue istruzioni, alla legge sulla protezione dei dati e al nostro obbligo di riservatezza.<br \/>Il nostro lavoro per voi potrebbe richiedere che noi trasmettiamo le vostre informazioni ai nostri fornitori di servizi di terze parti, agenti, subappaltatori e altre organizzazioni associate allo scopo di completare le attivit\u00e0 e fornirvi i servizi per nostro conto. Tuttavia, se per fornirti un servizio necessitiamo di fornitori di terze parti, riveliamo solo le informazioni personali necessarie per fornire i nostri servizi e richiediamo loro di mantenere le tue informazioni protette e di non utilizzarle per i loro scopi di marketing diretto.<br \/>Raccogliamo informazioni sul nostro sito web per elaborare le tue richieste, gestire la registrazione degli eventi, fornire aiuto in base ai dati raccolti e migliorare i nostri servizi. Se acconsenti, useremo queste informazioni anche per condividere aggiornamenti con te sui nostri servizi che riteniamo possano interessarti.<br \/><strong>Non condivideremo in alcun modo le tue informazioni per scopi di marketing con le aziende in modo che possano offrirti i loro prodotti e servizi.<\/strong><\/p>\n<h4><strong>Trasferimento delle informazioni al di fuori dell\u2019Europa<\/strong><\/h4>\n<p>Nei limiti strettamente necessari all\u2019esecuzione dei servizi i tuoi dati personali potranno essere comunicati a soggetti terzi, quali a titolo esemplicativo, fornitori di prodotti e\/o servizi, ubicati sia all\u2019interno dell\u2019unione europea si al di fuori della stessa.<br \/>L\u2019eventuale trasferimento extra UE sar\u00e0 comunque subordinato al rispetto della normativa vigente.<\/p>\n<h4><strong>Precauzioni di sicurezza in vigore sui dati raccolti<\/strong><\/h4>\n<p>Quando ci fornisci informazioni personali, adottiamo tutte le misure di sicurezza necessarie per assicurarci che siano trattate in modo sicuro.<br \/>I dettagli non sensibili (il tuo indirizzo e-mail, ecc.) vengono inviati normalmente su Internet e questo non pu\u00f2 mai essere garantito come sicuro al 100%. Di conseguenza, mentre ci sforziamo di proteggere le tue informazioni personali, non possiamo garantire la sicurezza delle informazioni che ci trasmetti. Una volta ricevute le tue informazioni, facciamo del nostro meglio per garantire la loro sicurezza sui nostri sistemi. Dove abbiamo fornito (o dove hai scelto) una password che ti consente di accedere a determinate parti dei nostri siti web o servizi, sei responsabile di mantenere riservata questa password e di modificarla una volta che questa ti sia stata comunicata. Ti chiediamo di non condividere la tua password con nessuno.<\/p>\n<h4><strong>Marketing<\/strong><\/h4>\n<p>Vorremmo inviarti informazioni sui nostri servizi che potrebbero interessarti. Se hai acconsentito a ricevere informazioni pubblicitarie e di marketing, puoi scegliere di rinunciare in qualsiasi momento come indicato di seguito.<br \/>Hai il diritto in qualsiasi momento di impedirci di contattarti per scopi di marketing. Per rinunciare, inviare un\u2019e-mail all\u2019indirizzo: <a href=\"mailto:info@creativecowo.com?subject=Richiesta%20informazioni%20privacy%20GDPR\">info@tike.pro<\/a><\/p>\n<h4><strong>Per quanto tempo conserveremo i tuoi dati?<\/strong><\/h4>\n<p>In linea con i nostri requisiti normativi, conserveremo i tuoi dati per il tempo minimo previsto dalla normativa fiscale vigente. Nel caso in cui dovessi averne bisogno, avrai la possibilit\u00e0 di rinunciare o aggiornare o eliminare i dati in qualsiasi momento e i dettagli su come farlo sono indicati in questa informativa.<\/p>\n<h3><strong><\/strong><\/h3>\n<h3><strong>ACCESSO ALLE INFORMAZIONI, CORREZIONE, PORTABILIT\u00c0 E CANCELLAZIONE<\/strong><\/h3>\n<h4><strong>Cos\u2019\u00e8 una richiesta di accesso per soggetto?<\/strong><\/h4>\n<p>Si tratta del tuo diritto di richiedere una copia delle informazioni che abbiamo in nostro possesso. Se desideri una copia di alcune o tutte le tue informazioni personali, inviaci una e-mail all\u2019indirizzo: <a href=\"mailto:info@creativecowo.com?subject=Richiesta%20informazioni%20privacy%20GDPR\">info@tike.pro<\/a>. Risponderemo entro un mese dal ricevimento della richiesta.<br \/>Vogliamo assicurarci che le tue informazioni personali siano accurate e aggiornate. Puoi chiederci di correggere o rimuovere le informazioni che ritieni siano inaccurate contattandoci mediante le procedure sopra indicate.<\/p>\n<h4><strong>Obiezioni al trattamento di dati personali<\/strong><\/h4>\n<p>\u00c8 tuo diritto presentare un\u2019obiezione al trattamento dei tuoi dati personali. L\u2019unica ragione per cui potremmo rifiutarci di processare la tua richiesta \u00e8 se siamo in grado di dimostrare motivi validi e legittimi che sopravanzino nel caso specifico il tuo interesse, i tuoi diritti e le tue libert\u00e0, o quando il trattamento dei dati sia finalizzato alla costituzione, all\u2019esercizio o alla difesa di rivendicazioni legali.<\/p>\n<h4><strong>Portabilit\u00e0 dei dati<\/strong><\/h4>\n<p>\u00c8 inoltre vostro diritto ricevere i dati personali che ci avete fornito, in un formato strutturato, comunemente usato e leggibile da una macchina e avere il diritto di trasmettere tali dati<\/p>\n<h4><strong>Il tuo diritto all\u2019oblio<\/strong><\/h4>\n<p>Se desideri che cancelliamo completamente tutte le informazioni che ti riguardano, puoi comunicarcelo inviando una e-mail all\u2019indirizzo <a href=\"mailto:info@creativecowo.com?subject=Richiesta%20informazioni%20privacy%20GDPR\">info@tike.pro<\/a><a href=\"mailto:info@creativecowo.com\"><\/a>.<\/p>\n<h4><strong>Altri siti web<\/strong><\/h4>\n<p>Il nostro sito web contiene collegamenti ad altri siti web. Questa informativa sulla privacy si applica solo a questo sito web, quindi quando si collega ad altri siti web \u00e8 necessario leggere le loro relative informative sulla privacy.<\/p>\n<h4><strong>Denunce, contestazioni<\/strong><\/h4>\n<p>Se ritieni che i tuoi dati personali siano stati trattati in un modo che non soddisfa il GDPR, hai un diritto specifico di presentare un reclamo all\u2019autorit\u00e0 di vigilanza preposta. L\u2019autorit\u00e0 di vigilanza ti informer\u00e0 dei progressi e dei risultati del tuo reclamo.<\/p>\n<h4><strong>Modifiche alla nostra informativa privacy<\/strong><\/h4>\n<p>Manteniamo la nostra informativa sulla privacy regolarmente revisionata e pubblicheremo qualsiasi aggiornamento su questa pagina web.<\/p>\n<h4><strong>Come contattarci<\/strong><\/h4>\n<p>Vi preghiamo di contattarci se avete domande sulla nostra informativa privacy o sulle vostre informazioni personali all\u2019indirizzo email\u00a0<a href=\"mailto:info@creativecowo.com?subject=Richiesta%20informazioni%20privacy%20GDPR\">info@tike.pro<\/a><\/p>\n<p>[\/et_pb_text][\/et_pb_column][\/et_pb_row][\/et_pb_section]<\/p>\n","protected":false},"excerpt":{"rendered":"<p>Privacy policy GDPR RegulationsINFORMATIVA SUL TRATTAMENTO DEI DATI PERSONALI (Art. 13 del d.lgs. 196\/2003 \u2013 Codice della privacy \u2013 Art. 13 del Regolamento Generale UE sulla protezione dei dati personali n. 679\/2016) TI:KE \u00e8 un marchio CREATIVE COWO s.c., con sede in Via De Amicis 39, 28887 Omegna (VB) Italy P.IVA 02530570031Titolare del trattamento dei [&hellip;]<\/p>\n","protected":false},"author":1,"featured_media":0,"parent":0,"menu_order":0,"comment_status":"closed","ping_status":"closed","template":"","meta":{"_et_pb_use_builder":"on","_et_pb_old_content":"","_et_gb_content_width":"","footnotes":""},"class_list":["post-160","page","type-page","status-publish","hentry"],"_links":{"self":[{"href":"https:\/\/tike.pro\/ws\/wp-json\/wp\/v2\/pages\/160","targetHints":{"allow":["GET"]}}],"collection":[{"href":"https:\/\/tike.pro\/ws\/wp-json\/wp\/v2\/pages"}],"about":[{"href":"https:\/\/tike.pro\/ws\/wp-json\/wp\/v2\/types\/page"}],"author":[{"embeddable":true,"href":"https:\/\/tike.pro\/ws\/wp-json\/wp\/v2\/users\/1"}],"replies":[{"embeddable":true,"href":"https:\/\/tike.pro\/ws\/wp-json\/wp\/v2\/comments?post=160"}],"version-history":[{"count":5,"href":"https:\/\/tike.pro\/ws\/wp-json\/wp\/v2\/pages\/160\/revisions"}],"predecessor-version":[{"id":230,"href":"https:\/\/tike.pro\/ws\/wp-json\/wp\/v2\/pages\/160\/revisions\/230"}],"wp:attachment":[{"href":"https:\/\/tike.pro\/ws\/wp-json\/wp\/v2\/media?parent=160"}],"curies":[{"name":"wp","href":"https:\/\/api.w.org\/{rel}","templated":true}]}}